{"id":195,"date":"2024-12-02T11:37:12","date_gmt":"2024-12-02T11:37:12","guid":{"rendered":"https:\/\/plinkomobile.com\/?page_id=195"},"modified":"2024-12-02T11:37:12","modified_gmt":"2024-12-02T11:37:12","slug":"contact-us","status":"publish","type":"page","link":"https:\/\/plinkomobile.com\/de\/contact-us\/","title":{"rendered":"Kontakt"},"content":{"rendered":"<script data-noptimize=\"\" data-wpfc-render=\"false\">\n\/* <![CDATA[ *\/\nfpm_start( \"true\" );\n\/* ]]> *\/\n<\/script>\n<div class=\"fpm_start\"><\/div>\n<div style=\"display:none\" class=\"fm-form-container fm-theme1\"><div id=\"fm-pages1\" class=\"fm-pages wdform_page_navigation\" show_title=\"\" show_numbers=\"1\" type=\"none\"><\/div><form name=\"form1\" action=\"\/wp-json\/wp\/v2\/pages\/195\/\" method=\"post\" id=\"form1\" class=\"fm-form form1\" enctype=\"multipart\/form-data\" data-trp-original-action=\"\/de\/wp-json\/wp\/v2\/pages\/195\/\"><input type=\"hidden\" id=\"counter1\" value=\"7\" name=\"counter1\" \/><input type=\"hidden\" id=\"Itemid1\" value=\"\" name=\"Itemid1\" \/><input type=\"text\" class=\"fm-hide\" id=\"fm_bot_validation1\" value=\"\" name=\"fm_bot_validation1\" \/><input type=\"text\" class=\"fm-hide\" id=\"fm_empty_field_validation1\" value=\"\" name=\"fm_empty_field_validation1\" data-value=\"de66f883ee7814471bdc3f65355a2ea0\" \/><input type=\"hidden\" id=\"fm_form_nonce1\" name=\"fm_form_nonce1\" value=\"6ba0bae1ff\" \/><input type=\"hidden\" name=\"_wp_http_referer\" value=\"\/de\/wp-json\/wp\/v2\/pages\/195\/\" \/><div class=\"fm-header-bg\"><div class=\"fm-header\"><div class=\"fm-header-text\">          <div class=\"fm-header-title\">            Kontakt          <\/div>          <div class=\"fm-header-description\">            Wenn Sie professionelle Unterst\u00fctzung ben\u00f6tigen, Fragen haben oder uns Feedback oder Kommentare zukommen lassen m\u00f6chten, laden wir Sie ein, das bereitgestellte Formular zu verwenden. Bitte f\u00fcllen Sie es aus, wann immer Sie m\u00f6chten.          <\/div>        <\/div><\/div><\/div><div class=\"wdform-page-and-images fm-form-builder\"><div id=\"1form_view1\" class=\"wdform_page\" page_title=\"Untitled page\" next_title=\"Next\" next_type=\"text\" next_class=\"wdform-page-button\" next_checkable=\"true\" previous_title=\"Previous\" previous_type=\"text\" previous_class=\"wdform-page-button\" previous_checkable=\"false\"><div class=\"wdform_section\"><div class=\"wdform_column\"><div wdid=\"4\" class=\"wdform_row\" style=\"position: relative; left: 0px; top: 0px;\"><div type=\"type_text\" class=\"wdform-field wd-width-100 wd-flex wd-flex-column\"><div class=\"wdform-label-section wd-width-100  wd-flex-row wd-align-items-center\">    <label  for=\"wdform_4_element1\" class=\"wdform-label\">Thema<\/label><span class=\"wdform-required\">*<\/span><\/div><div class=\"wdform-element-section wd-flex  wd-flex-row wd-align-items-center wd-width-100\" ><input type=\"text\"                           class=\"wd-width-100\"                           id=\"wdform_4_element1\"                           name=\"wdform_4_element1\"                           value=\"\"                           title=\"\"                           placeholder=\"\"                                                       \/><\/div><\/div><\/div><\/div><div class=\"wdform_column\"><div wdid=\"2\" class=\"wdform_row\" style=\"position: relative; left: 0px; top: 0px;\"><div type=\"type_text\" class=\"wdform-field wd-width-100 wd-flex wd-flex-column\"><div class=\"wdform-label-section wd-width-100  wd-flex-row wd-align-items-center\">    <label  for=\"wdform_2_element1\" class=\"wdform-label\">Name<\/label><span class=\"wdform-required\">*<\/span><\/div><div class=\"wdform-element-section wd-flex  wd-flex-row wd-align-items-center wd-width-100\" ><input type=\"text\"                           class=\"wd-width-100\"                           id=\"wdform_2_element1\"                           name=\"wdform_2_element1\"                           value=\"\"                           title=\"\"                           placeholder=\"\"                                                       \/><\/div><\/div><\/div><\/div><div class=\"wdform_column\"><div wdid=\"3\" class=\"wdform_row\"><div type=\"type_submitter_mail\" class=\"wdform-field wd-width-100 wd-flex wd-flex-column\"><div class=\"wdform-label-section wd-width-100  wd-flex-row\">    <label  for=\"wdform_3_element1\" class=\"wdform-label\">E-Mail<\/label><span class=\"wdform-required\">*<\/span><\/div><div class=\"wdform-element-section wd-flex  wd-flex-row wd-width-100\" ><input type=\"text\" class=\"wd-width-100\" id=\"wdform_3_element1\" name=\"wdform_3_element1\" value=\"\" title=\"\" placeholder=\"\"   onchange=\"wd_check_email('3', '1', 'This is not a valid email address.')\" \/><\/div><\/div><\/div><\/div><div class=\"wdform_column\"><div wdid=\"5\" class=\"wdform_row\" style=\"position: relative; left: 0px; top: 0px;\"><div type=\"type_textarea\" class=\"wdform-field wd-width-100 wd-flex wd-flex-column\"><div class=\"wdform-label-section wd-width-100\">    <label  for=\"wdform_5_element1\" class=\"wdform-label\">Nachricht<\/label><span class=\"wdform-required\">*<\/span><\/div><div class=\"wdform-element-section wd-flex  wd-width-100\" ><textarea class=\"wd-width-100\"                      id=\"wdform_5_element1\"                      name=\"wdform_5_element1\"                      placeholder=\"\"                      style=\"height: 100px;\"                      ><\/textarea><\/div><\/div><\/div><\/div><div class=\"wdform_column\"><div wdid=\"6\" class=\"wdform_row\"><div type=\"type_recaptcha\" class=\"wdform-field wd-width-100 wd-flex wd-flex-row\"><div class=\"wdform-label-section wd-width-30 wd-flex-row wd-hidden\">    <label  class=\"wdform-label\">reCAPTCHA<\/label><\/div><div class=\"wdform-element-section wd-flex wd-flex-row wd-width-100\" ><div id=\"recaptcha16\" class=\"g-recaptcha\" data-sitekey=\"6Lfz0mkqAAAAABM_fW1hUqe8Iebx8DoADqP4JQuf\" data-form_id=\"1\" data-badge=\"bottomright\"><\/div><\/div><\/div><\/div><div wdid=\"1\" class=\"wdform_row\" style=\"position: relative; left: 0px; top: 0px;\"><div type=\"type_submit_reset\" class=\"wdform-field wd-width-100 wd-flex wd-flex-column\"><div class=\"wdform-element-section wd-flex  wd-flex-row wd-justify-content-left wd-width-100\" ><button  type=\"button\" class=\"button-submit\" onclick=\"fm_submit_form('1');\"  data-ajax=\"0\"><span class=\"fm-submit-loading spinner fm-ico-spinner\"><\/span>Einreichen<\/button><button  type=\"button\" class=\"button-reset wd-hidden\" onclick=\"fm_reset_form(1);\" >Zur\u00fccksetzen<\/button><\/div><\/div><\/div><\/div><\/div><div valign=\"top\" class=\"wdform_footer wd-width-100\"><div class=\"wd-width-100\"><div class=\"wd-width-100 wd-table\" style=\"padding-top:10px;\"><div class=\"wd-table-group\"><div id=\"1page_nav1\" class=\"wd-table-row\"><\/div><\/div><\/div><\/div><\/div><\/div><\/div><div class=\"wdform_preload\"><\/div><input type=\"hidden\" name=\"trp-form-language\" value=\"de\"\/><\/form><\/div>\n<div class=\"fpm_end\"><\/div>","protected":false},"excerpt":{"rendered":"","protected":false},"author":1,"featured_media":0,"parent":0,"menu_order":0,"comment_status":"closed","ping_status":"closed","template":"page-no-sidebar.php","meta":{"_glsr_average":0,"_glsr_ranking":0,"_glsr_reviews":0,"footnotes":""},"class_list":["post-195","page","type-page","status-publish","hentry"],"yoast_head":"<!-- This site is optimized with the Yoast SEO plugin v23.7 - https:\/\/yoast.com\/wordpress\/plugins\/seo\/ -->\n<title>Contact Us - plinkomobile.com<\/title>\n<meta name=\"description\" content=\"Please feel free to reach out with any questions, challenges, or ideas. We value your feedback and are always available to offer assistance.\" \/>\n<meta name=\"robots\" content=\"index, follow, max-snippet:-1, max-image-preview:large, max-video-preview:-1\" \/>\n<link rel=\"canonical\" href=\"https:\/\/plinkomobile.com\/de\/contact-us\/\" \/>\n<meta property=\"og:locale\" content=\"de_DE\" \/>\n<meta property=\"og:type\" content=\"article\" \/>\n<meta property=\"og:title\" content=\"Contact Us - plinkomobile.com\" \/>\n<meta property=\"og:description\" content=\"Please feel free to reach out with any questions, challenges, or ideas. We value your feedback and are always available to offer assistance.\" \/>\n<meta property=\"og:url\" content=\"https:\/\/plinkomobile.com\/de\/contact-us\/\" \/>\n<meta property=\"og:site_name\" content=\"plinkomobile.com\" \/>\n<meta name=\"twitter:card\" content=\"summary_large_image\" \/>\n<meta name=\"twitter:label1\" content=\"Gesch\u00e4tzte Lesezeit\" \/>\n\t<meta name=\"twitter:data1\" content=\"1\u00a0Minute\" \/>\n<!-- \/ Yoast SEO plugin. -->","yoast_head_json":{"title":"Contact Us - plinkomobile.com","description":"Please feel free to reach out with any questions, challenges, or ideas. We value your feedback and are always available to offer assistance.","robots":{"index":"index","follow":"follow","max-snippet":"max-snippet:-1","max-image-preview":"max-image-preview:large","max-video-preview":"max-video-preview:-1"},"canonical":"https:\/\/plinkomobile.com\/de\/contact-us\/","og_locale":"de_DE","og_type":"article","og_title":"Contact Us - plinkomobile.com","og_description":"Please feel free to reach out with any questions, challenges, or ideas. We value your feedback and are always available to offer assistance.","og_url":"https:\/\/plinkomobile.com\/de\/contact-us\/","og_site_name":"plinkomobile.com","twitter_card":"summary_large_image","twitter_misc":{"Gesch\u00e4tzte Lesezeit":"1\u00a0Minute"},"schema":{"@context":"https:\/\/schema.org","@graph":[{"@type":"WebPage","@id":"https:\/\/plinkomobile.com\/contact-us\/","url":"https:\/\/plinkomobile.com\/contact-us\/","name":"Contact Us - plinkomobile.com","isPartOf":{"@id":"https:\/\/plinkomobile.com\/#website"},"datePublished":"2024-12-02T11:37:12+00:00","dateModified":"2024-12-02T11:37:12+00:00","description":"Please feel free to reach out with any questions, challenges, or ideas. We value your feedback and are always available to offer assistance.","breadcrumb":{"@id":"https:\/\/plinkomobile.com\/contact-us\/#breadcrumb"},"inLanguage":"de","potentialAction":[{"@type":"ReadAction","target":["https:\/\/plinkomobile.com\/contact-us\/"]}]},{"@type":"BreadcrumbList","@id":"https:\/\/plinkomobile.com\/contact-us\/#breadcrumb","itemListElement":[{"@type":"ListItem","position":1,"name":"Plinko Slot Indonesia","item":"https:\/\/plinkomobile.com\/"},{"@type":"ListItem","position":2,"name":"Contact Us"}]},{"@type":"WebSite","@id":"https:\/\/plinkomobile.com\/#website","url":"https:\/\/plinkomobile.com\/","name":"plinkomobile.com","description":"","publisher":{"@id":"https:\/\/plinkomobile.com\/#organization"},"potentialAction":[{"@type":"SearchAction","target":{"@type":"EntryPoint","urlTemplate":"https:\/\/plinkomobile.com\/?s={search_term_string}"},"query-input":{"@type":"PropertyValueSpecification","valueRequired":true,"valueName":"search_term_string"}}],"inLanguage":"de"},{"@type":"Organization","@id":"https:\/\/plinkomobile.com\/#organization","name":"plinkomobile.com","url":"https:\/\/plinkomobile.com\/","logo":{"@type":"ImageObject","inLanguage":"de","@id":"https:\/\/plinkomobile.com\/#\/schema\/logo\/image\/","url":"https:\/\/plinkomobile.com\/wp-content\/uploads\/2024\/12\/logotype-plinko.png","contentUrl":"https:\/\/plinkomobile.com\/wp-content\/uploads\/2024\/12\/logotype-plinko.png","width":1000,"height":345,"caption":"plinkomobile.com"},"image":{"@id":"https:\/\/plinkomobile.com\/#\/schema\/logo\/image\/"}}]}},"_links":{"self":[{"href":"https:\/\/plinkomobile.com\/de\/wp-json\/wp\/v2\/pages\/195","targetHints":{"allow":["GET"]}}],"collection":[{"href":"https:\/\/plinkomobile.com\/de\/wp-json\/wp\/v2\/pages"}],"about":[{"href":"https:\/\/plinkomobile.com\/de\/wp-json\/wp\/v2\/types\/page"}],"author":[{"embeddable":true,"href":"https:\/\/plinkomobile.com\/de\/wp-json\/wp\/v2\/users\/1"}],"replies":[{"embeddable":true,"href":"https:\/\/plinkomobile.com\/de\/wp-json\/wp\/v2\/comments?post=195"}],"version-history":[{"count":1,"href":"https:\/\/plinkomobile.com\/de\/wp-json\/wp\/v2\/pages\/195\/revisions"}],"predecessor-version":[{"id":196,"href":"https:\/\/plinkomobile.com\/de\/wp-json\/wp\/v2\/pages\/195\/revisions\/196"}],"wp:attachment":[{"href":"https:\/\/plinkomobile.com\/de\/wp-json\/wp\/v2\/media?parent=195"}],"curies":[{"name":"wp","href":"https:\/\/api.w.org\/{rel}","templated":true}]}}